{"id":6305,"date":"2021-12-20T09:27:47","date_gmt":"2021-12-20T08:27:47","guid":{"rendered":"https:\/\/www.chrissima-tours.com\/?page_id=6305"},"modified":"2022-04-23T09:08:27","modified_gmt":"2022-04-23T07:08:27","slug":"termini-e-condizioni","status":"publish","type":"page","link":"https:\/\/www.chrissima-tours.com\/it\/termini-e-condizioni\/","title":{"rendered":"Condizioni generali di vendita di viaggi"},"content":{"rendered":"<p><span dir=\"ltr\" role=\"presentation\">1 &#8211; RISCHESTA E PRENOTAZIONE<\/span><br role=\"presentation\" \/><br role=\"presentation\" \/><span dir=\"ltr\" role=\"presentation\">Il contratto di richiesta implica l\u2019accettazione da parte del cliente delle condizioni d\u2019organizzazione portati a sua conoscenza qui di seguito,in particolare sul calcolo delle <\/span><span dir=\"ltr\" role=\"presentation\">tariffe, delle condizioni d\u2019annullamento e del pagamento.<\/span><\/p>\n<p><span dir=\"ltr\" role=\"presentation\">2 &#8211; NORME APPLICABILI E RESPONSABILIT\u00c0 DELL\u2019ORGANIZZATORE<br role=\"presentation\" \/><\/span><\/p>\n<p><span dir=\"ltr\" role=\"presentation\">I contratti di viaggio sono regolamentati &#8211; fino all\u2019abrogazione conforme all\u2019abrogazione conforme all\u2019art. 3 del decreto legislativo no.79 del 23 maggio 2011 (il \u2018\u2019co<\/span><span dir=\"ltr\" role=\"presentation\">dice del turismo\u2019\u2019) dalla Convenzione Internazionale relativa al contratto di viaggio (CCV), legge del 27.12.1977, N. 1084 &#8211; se necessario- cos\u00ec come per il codice del <\/span><span dir=\"ltr\" role=\"presentation\">turismo, in particolare per gli articoli dal 32 al 51 &#8211; come modificate dal decreto legislativo del 21 Maggio 2018 No.62, di recepimento ed esecuzione della Direttiva<\/span> <span dir=\"ltr\" role=\"presentation\">(UE) 2015\/2302, cos\u00ec come le norme del codice civile sul trasporto e il mandato, se necessario. La responsabilit\u00e0 della Chrissima Tours, in qualit\u00e0 di organizzatore di <\/span><span dir=\"ltr\" role=\"presentation\">viaggi, verso i viaggiatori e i loro effetti personali, \u00e8 regolamentata dalle norme menzionate e non pu\u00f2 in alcun caso superare i limiti previsti. La Chrissima Tours non \u00e8<\/span> <span dir=\"ltr\" role=\"presentation\">responsabile dei danni causati da eventi o casi di forza maggiore come guerre, sommosse, problemi politici, terremoti, condizioni meteorologiche, ecc&#8230; e s\u2019impegna a <\/span><span dir=\"ltr\" role=\"presentation\">proporre un programma alternativo equivalente a quello originario.<\/span><\/p>\n<p><span dir=\"ltr\" role=\"presentation\">3 &#8211; PRENOTAZIONI E PAGAMENTI<br role=\"presentation\" \/><\/span><\/p>\n<p><span dir=\"ltr\" role=\"presentation\">Le prenotazioni saranno confermate soltanto al ricevimento dell\u2019acconto del 30% richiesto. Il saldo equivalente al 70% della fattura sar\u00e0 percepito a ricevimento della lis<\/span><span dir=\"ltr\" role=\"presentation\">ta nominativa del gruppo. La lista dei partecipanti dovr\u00e0 essere presentata al pi\u00f9 tardi 3 settimane prima della partenza. Il totale della fattura meno l\u2019acconto dovr\u00e0 essere <\/span><span dir=\"ltr\" role=\"presentation\">versato all\u2019agenzia al massimo entro 10 giorni prima dell\u2018inizio del viaggio. I vouchers saranno emessi in seguito al regolamento della fattura. Ogni dossier di viaggio <\/span><span dir=\"ltr\" role=\"presentation\">costituisce una situazione contrattuale tra le parti e gli eventuali regolamenti saranno operati al ritorno dei clienti, sotto forma d\u2019avere o di fattura complementare.<\/span><\/p>\n<p><span dir=\"ltr\" role=\"presentation\">4 &#8211; ANNULLAMENTO E\/O INTERRUZIONE DEL SOGGIORNO<br role=\"presentation\" \/><\/span><\/p>\n<p><span dir=\"ltr\" role=\"presentation\">In caso di rinuncia al viaggio, la Chrissima Tours applicher\u00e0 le seguenti penalit\u00e0 maggiorate dell\u2019importo delle spese sostenute per l\u2019annullamento:<\/span><\/p>\n<ol>\n<li><span dir=\"ltr\" role=\"presentation\">25% del totale da 45 giorni fino a 30 giorni prima della data dei servizi prenotati;<\/span><\/li>\n<li><span dir=\"ltr\" role=\"presentation\">50% del totale da 29 giorni fino a 15 giorni prima della data dei servizi prenotati;<\/span><\/li>\n<li><span dir=\"ltr\" role=\"presentation\">75% del totale da 14 giorni fino a 5 giorni prima della data dei servizi prenotati;<\/span><\/li>\n<li><span dir=\"ltr\" role=\"presentation\">Non sar\u00e0 effettuato nessun rimborso oltre questi termini.<\/span><\/li>\n<\/ol>\n<p><span dir=\"ltr\" role=\"presentation\">In caso d\u2019interruzione del viaggio, non sar\u00e0 riconosciuto alcun rimborso, salvo che il gruppo possa presentare una dichiarazione scritta dell\u2019hotel che autorizza al rim<\/span><span dir=\"ltr\" role=\"presentation\">borso dei servizi non utilizzati. Questa procedura \u00e8 formalmente richiesta al fine di autorizzare l\u2019agenzia organizzatrice al rimborso dell\u2019importo concordato dall\u2019hotel, <\/span><span dir=\"ltr\" role=\"presentation\">deducendo le eventuali commissioni dell\u2019agenzia.<\/span><\/p>\n<p><span dir=\"ltr\" role=\"presentation\">5 &#8211; ANNULLAMENTO SENZA PENALIT\u00c0<\/span><\/p>\n<p><span dir=\"ltr\" role=\"presentation\">Il viaggiatore ha diritto a rinunciare al contratto senza subire penalit\u00e0 per i seguenti motivi:<\/span><\/p>\n<ul>\n<li><span dir=\"ltr\" role=\"presentation\">aumento del prezzo del pacchetto riservato superiore al 10%;<\/span><\/li>\n<li><span dir=\"ltr\" role=\"presentation\">modifica del contratto da parte dell\u2019agenzia.<\/span><\/li>\n<\/ul>\n<p><span dir=\"ltr\" role=\"presentation\">In tal caso il viaggiatore dovr\u00e0 comunicare per iscritto all\u2019agenzia, il suo accordo o rifiuto entro 2 giorni lavorativi dal ricevimento della proposta di modifica.<\/span><br role=\"presentation\" \/><span dir=\"ltr\" role=\"presentation\">In caso di rifiuto, il viaggiatore avr\u00e0 diritto al rimborso della somma gi\u00e0 versata o potr\u00e0 beneficiare di un pacchetto turistico di pari qualit\u00e0.<\/span><br role=\"presentation\" \/><span dir=\"ltr\" role=\"presentation\">L\u2019agenzia si riserva il diritto di annullare il viaggio nel caso in cui non dovesse essere raggiunto il numero minimo di partecipanti.<\/span><br role=\"presentation\" \/><span dir=\"ltr\" role=\"presentation\">I viaggiatori ne saranno informati almeno 20 giorni prima della partenza.<\/span><\/p>\n<p><span dir=\"ltr\" role=\"presentation\">6 &#8211; VARIAZIONI<\/span><br role=\"presentation\" \/><br role=\"presentation\" \/><span dir=\"ltr\" role=\"presentation\">L\u2019agenzia ha la possibilit\u00e0 di sostituire albergo e\/o le localit\u00e0 del soggiorno con altre di pari categoria per ragioni di organizzazione. Il rifiuto da parte del viaggiatore dovr\u00e0 <\/span><span dir=\"ltr\" role=\"presentation\">essere comunicato per iscritto entro 2 giorni lavorativi dalla ricezione della proposta di modifica. L\u2019agenzia s\u2019impegna a rimborsare la somma gi\u00e0 versata. La risposta a <\/span><span dir=\"ltr\" role=\"presentation\">tale comunicazione \u00e8 decisiva per l\u2019assolvimento delle prestazioni. L\u2019agenzia si riserva il diritto di modificare il programma e il prezzo qualora si verificassero aumenti da <\/span><span dir=\"ltr\" role=\"presentation\">parte dei fornitori di prestazioni o per circostanze\/avvenimenti imprevisti. Tutte le spese supplementari dovute a prolungamenti del viaggio o a modifiche d\u2019itinerario a <\/span><span dir=\"ltr\" role=\"presentation\">seguito di circostanze imprevedibili sono a carico del cliente.<\/span><\/p>\n<p><span dir=\"ltr\" role=\"presentation\">7 &#8211; PREZZI<\/span><\/p>\n<p><span dir=\"ltr\" role=\"presentation\">I prezzi indicati in questo catalogo sono stabiliti nell\u2019ambito delle condizioni economiche in vigore dal 30\/09\/2019. Tali tariffe sono calcolate in maniera forfetaria e sono <\/span><span dir=\"ltr\" role=\"presentation\">valide per gruppi di minimo 20 persone, laddove non diversamente indicato. Nel caso in cui un viaggiatore dovesse essere sistemato da solo in una camera da dividere, <\/span><span dir=\"ltr\" role=\"presentation\">dovr\u00e0 obbligatoriamente pagare il supplemento singola.<\/span><\/p>\n<p><span dir=\"ltr\" role=\"presentation\">8 &#8211; RECLAMI<\/span><\/p>\n<p><span dir=\"ltr\" role=\"presentation\">La mancata e<\/span><span dir=\"ltr\" role=\"presentation\">secuzione del contratto rilevata dal viaggiatore dovr\u00e0 essere comunicata immediatamente per permettere alla Chrissima Tours o al suo rappresentante <\/span><span dir=\"ltr\" role=\"presentation\">locale di rimediare. Il viaggiatore potr\u00e0 far valere i suoi diritti per raccomandata con ricevuta di ritorno entro 10 giorni lavorativi dal suo ritorno.<\/span><\/p>\n<p><span dir=\"ltr\" role=\"presentation\">9 &#8211; ASSISTENZA<\/span><\/p>\n<p><span dir=\"ltr\" role=\"presentation\">La Chrissima To<\/span><span dir=\"ltr\" role=\"presentation\">urs \u00e8 tenuta a prestare le misure di assistenza al viaggiatore in misura degli obblighi imposti dal criterio di diligenza professionale previsti dalla legge e <\/span><span dir=\"ltr\" role=\"presentation\">non \u00e8 responsabile nei confronti del viaggiatore per le inadempienze di altre obbligazioni.<\/span><\/p>\n<p><span dir=\"ltr\" role=\"presentation\">10 &#8211; RESPONSABILIT\u00c0 CIVILE<\/span><\/p>\n<p><span dir=\"ltr\" role=\"presentation\">La Chrissima Tours \u00e8 responsabile del contenuto delle informazioni scritte e garantite per la rigorosa selezione dei fornitori di prestazioni, la preparazione e l\u2019esecuzione <\/span><span dir=\"ltr\" role=\"presentation\">di esperti in viaggi oltre che la trasmissione in tempi utili del servizio di vendite di documenti di viaggio. S\u2019impegna a versare al cliente un indennizzo appropriato al<\/span><span dir=\"ltr\" role=\"presentation\">lorch\u00e9 le prestazioni previste dal catalogo, oggetto della prenotazione, non possano essere fornite, o sostituite, in totalit\u00e0 o in parte, e questa diminuzione o soppressione<\/span> <span dir=\"ltr\" role=\"presentation\">della prestazione non \u00e8 dovuta a causa di eventi di forza maggiore o per colpa del cliente. Questa responsabilit\u00e0 si estingue qualora inconvenienti o danni incorrono su <\/span><span dir=\"ltr\" role=\"presentation\">ci\u00f2 che non dipende dall\u2019agenzia per mezzi ragionevoli e malgrado tutti i suoi sforzi. La responsabilit\u00e0 dell\u2019agenzia \u00e8 applicabile ai danni diretti e in ogni caso non supera<\/span> <span dir=\"ltr\" role=\"presentation\">il prezzo pattuito del viaggio. Se dopo aver scelto un servizio e averlo pagato,i viaggiatori prenotano delle prestazioni supplementari per il loro viaggio prenotato tramite <\/span><span dir=\"ltr\" role=\"presentation\">la Chrissima Tours, i viaggiatori, non beneficerebbero dei diritti applicati ai pacchetti ai sensi della direttiva (UE) 2015\/2302 e dell\u2019articolo L.211-2 del codice del turismo.<\/span><br role=\"presentation\" \/><span dir=\"ltr\" role=\"presentation\">I fornitori di prestazioni (i trasportatori, gli alberghi, i ristoranti, ecc&#8230;) sono fondamentalmente responsabili, in primo nome, direttamente nei confronti dei clienti, e <\/span><span dir=\"ltr\" role=\"presentation\">secondo le disposizioni legislative e gli accordi internazionali in vigore,per la fornitura delle loro prestazioni; in particolare la responsabilit\u00e0 dei trasportatori \u00e8 applicabile <\/span><span dir=\"ltr\" role=\"presentation\">solo per la durata del servizio di trasporto in conformit\u00e0 alle loro condizioni.<\/span><br role=\"presentation\" \/><span dir=\"ltr\" role=\"presentation\">La Chrissima Tours s\u2019impegner\u00e0 in ogni modo possibile ad aiutare il cliente che vuole far valere il proprio diritto nei confronti del fornitore di prestazioni; laddove tali <\/span><span dir=\"ltr\" role=\"presentation\">diritti al risarcimento sono dovuti direttamente dall\u2019agenzia, questi saranno ceduti al cliente. Le richieste di rimborso dovranno pervenire all\u2019ufficio dell\u2019agenzia, per <\/span><span dir=\"ltr\" role=\"presentation\">iscritto, entro 4 settimane seguenti la fine del viaggio. Passato questo periodo cadr\u00e0 il diritto all\u2019indennizzo. I reclami potranno essere accolti dall\u2019accompagnatore e dalle <\/span><span dir=\"ltr\" role=\"presentation\">organizzazioni locali, ma questi non sono autorizzati a far valere alcun diritto d\u2019indennizzo per loro stessi.<\/span><\/p>\n<p><span dir=\"ltr\" role=\"presentation\">11 &#8211; OBBLIGHI DEI PARTECIPANTI<br role=\"presentation\" \/><\/span><\/p>\n<p><span dir=\"ltr\" role=\"presentation\">I partecipanti dovranno essere muniti di passaporto individuale o di altro documento valido per tutti i paesi toccati dall\u2019itinerario, nonch\u00e9 dei visti di soggiorno e di tran<\/span><span dir=\"ltr\" role=\"presentation\">sito e dei certificati sanitari che fossero eventualmente richiesti. Essi, inoltre, dovranno attenersi all\u2019osservanza delle regole di normale prudenza e diligenza e a quelle <\/span><span dir=\"ltr\" role=\"presentation\">specifiche in vigore nei paesi destinazione del viaggio. I partecipanti saranno chiamati a rispondere di tutti i danni causati nei confronti dell\u2019organizzatore e saranno <\/span><span dir=\"ltr\" role=\"presentation\">tenuti a fornire tutti i documenti e le informazioni necessarie.<\/span><\/p>\n<p><span dir=\"ltr\" role=\"presentation\">12 &#8211; TRIBUNALE COMPETENTE<\/span><\/p>\n<p><span dir=\"ltr\" role=\"presentation\">Per eventuali contestazioni, il tribunale competente \u00e8 il Foro di Napoli<\/span><\/p>\n","protected":false},"excerpt":{"rendered":"<p>1 &#8211; RISCHESTA E PRENOTAZIONEIl contratto di richiesta implica l\u2019accettazione da parte del cliente delle condizioni d\u2019organizzazione portati a sua conoscenza qui di seguito,in particolare sul calcolo delle tariffe, delle condizioni d\u2019annullamento e del pagamento. 2 &#8211; NORME APPLICABILI E [&hellip;]<\/p>\n","protected":false},"author":1,"featured_media":0,"parent":0,"menu_order":0,"comment_status":"closed","ping_status":"closed","template":"","meta":{"_acf_changed":false,"footnotes":""},"acf":[],"yoast_head":"<!-- This site is optimized with the Yoast SEO plugin v21.5 - https:\/\/yoast.com\/wordpress\/plugins\/seo\/ -->\n<title>Condizioni generali di vendita di viaggi | Chrissima Tours<\/title>\n<meta name=\"robots\" content=\"index, follow, max-snippet:-1, max-image-preview:large, max-video-preview:-1\" \/>\n<link rel=\"canonical\" href=\"https:\/\/www.chrissima-tours.com\/it\/termini-e-condizioni\/\" \/>\n<meta property=\"og:locale\" content=\"it_IT\" \/>\n<meta property=\"og:type\" content=\"article\" \/>\n<meta property=\"og:title\" content=\"Condizioni generali di vendita di viaggi | Chrissima Tours\" \/>\n<meta property=\"og:description\" content=\"1 &#8211; RISCHESTA E PRENOTAZIONEIl contratto di richiesta implica l\u2019accettazione da parte del cliente delle condizioni d\u2019organizzazione portati a sua conoscenza qui di seguito,in particolare sul calcolo delle tariffe, delle condizioni d\u2019annullamento e del pagamento. 2 &#8211; NORME APPLICABILI E [&hellip;]\" \/>\n<meta property=\"og:url\" content=\"https:\/\/www.chrissima-tours.com\/termini-e-condizioni\/\" \/>\n<meta property=\"og:site_name\" content=\"Chrissima Tours\" \/>\n<meta property=\"article:publisher\" content=\"https:\/\/www.facebook.com\/chrissimatours.agenziaviaggi\" \/>\n<meta property=\"article:modified_time\" content=\"2022-04-23T07:08:27+00:00\" \/>\n<meta property=\"og:image\" content=\"https:\/\/www.chrissima-tours.com\/wp-content\/uploads\/2021\/11\/chrissima-tour-logo.png\" \/>\n\t<meta property=\"og:image:width\" content=\"800\" \/>\n\t<meta property=\"og:image:height\" content=\"305\" \/>\n\t<meta property=\"og:image:type\" content=\"image\/png\" \/>\n<meta name=\"twitter:card\" content=\"summary_large_image\" \/>\n<meta name=\"twitter:site\" content=\"@chrissimatours\" \/>\n<meta name=\"twitter:label1\" content=\"Tempo di lettura stimato\" \/>\n\t<meta name=\"twitter:data1\" content=\"7 minuti\" \/>\n<script type=\"application\/ld+json\" class=\"yoast-schema-graph\">{\"@context\":\"https:\/\/schema.org\",\"@graph\":[{\"@type\":\"WebPage\",\"@id\":\"https:\/\/www.chrissima-tours.com\/termini-e-condizioni\/\",\"url\":\"https:\/\/www.chrissima-tours.com\/termini-e-condizioni\/\",\"name\":\"Condizioni generali di vendita di viaggi | Chrissima Tours\",\"isPartOf\":{\"@id\":\"https:\/\/www.chrissima-tours.com\/#website\"},\"datePublished\":\"2021-12-20T08:27:47+00:00\",\"dateModified\":\"2022-04-23T07:08:27+00:00\",\"breadcrumb\":{\"@id\":\"https:\/\/www.chrissima-tours.com\/termini-e-condizioni\/#breadcrumb\"},\"inLanguage\":\"it-IT\",\"potentialAction\":[{\"@type\":\"ReadAction\",\"target\":[\"https:\/\/www.chrissima-tours.com\/termini-e-condizioni\/\"]}]},{\"@type\":\"BreadcrumbList\",\"@id\":\"https:\/\/www.chrissima-tours.com\/termini-e-condizioni\/#breadcrumb\",\"itemListElement\":[{\"@type\":\"ListItem\",\"position\":1,\"name\":\"Home\",\"item\":\"https:\/\/www.chrissima-tours.com\/it\/\"},{\"@type\":\"ListItem\",\"position\":2,\"name\":\"Condizioni generali di vendita di viaggi\"}]},{\"@type\":\"WebSite\",\"@id\":\"https:\/\/www.chrissima-tours.com\/#website\",\"url\":\"https:\/\/www.chrissima-tours.com\/\",\"name\":\"Chrissima Tours\",\"description\":\"Italian Travel Agency\",\"publisher\":{\"@id\":\"https:\/\/www.chrissima-tours.com\/#organization\"},\"potentialAction\":[{\"@type\":\"SearchAction\",\"target\":{\"@type\":\"EntryPoint\",\"urlTemplate\":\"https:\/\/www.chrissima-tours.com\/?s={search_term_string}\"},\"query-input\":\"required name=search_term_string\"}],\"inLanguage\":\"it-IT\"},{\"@type\":\"Organization\",\"@id\":\"https:\/\/www.chrissima-tours.com\/#organization\",\"name\":\"Chrissima Tours\",\"url\":\"https:\/\/www.chrissima-tours.com\/\",\"logo\":{\"@type\":\"ImageObject\",\"inLanguage\":\"it-IT\",\"@id\":\"https:\/\/www.chrissima-tours.com\/#\/schema\/logo\/image\/\",\"url\":\"https:\/\/www.chrissima-tours.com\/wp-content\/uploads\/2021\/03\/logo-chrissima-tour.png\",\"contentUrl\":\"https:\/\/www.chrissima-tours.com\/wp-content\/uploads\/2021\/03\/logo-chrissima-tour.png\",\"width\":400,\"height\":147,\"caption\":\"Chrissima Tours\"},\"image\":{\"@id\":\"https:\/\/www.chrissima-tours.com\/#\/schema\/logo\/image\/\"},\"sameAs\":[\"https:\/\/www.facebook.com\/chrissimatours.agenziaviaggi\",\"https:\/\/twitter.com\/chrissimatours\",\"https:\/\/www.instagram.com\/chrissima.tours\/\"]}]}<\/script>\n<!-- \/ Yoast SEO plugin. -->","yoast_head_json":{"title":"Condizioni generali di vendita di viaggi | Chrissima Tours","robots":{"index":"index","follow":"follow","max-snippet":"max-snippet:-1","max-image-preview":"max-image-preview:large","max-video-preview":"max-video-preview:-1"},"canonical":"https:\/\/www.chrissima-tours.com\/it\/termini-e-condizioni\/","og_locale":"it_IT","og_type":"article","og_title":"Condizioni generali di vendita di viaggi | Chrissima Tours","og_description":"1 &#8211; RISCHESTA E PRENOTAZIONEIl contratto di richiesta implica l\u2019accettazione da parte del cliente delle condizioni d\u2019organizzazione portati a sua conoscenza qui di seguito,in particolare sul calcolo delle tariffe, delle condizioni d\u2019annullamento e del pagamento. 2 &#8211; NORME APPLICABILI E [&hellip;]","og_url":"https:\/\/www.chrissima-tours.com\/termini-e-condizioni\/","og_site_name":"Chrissima Tours","article_publisher":"https:\/\/www.facebook.com\/chrissimatours.agenziaviaggi","article_modified_time":"2022-04-23T07:08:27+00:00","og_image":[{"width":800,"height":305,"url":"https:\/\/www.chrissima-tours.com\/wp-content\/uploads\/2021\/11\/chrissima-tour-logo.png","type":"image\/png"}],"twitter_card":"summary_large_image","twitter_site":"@chrissimatours","twitter_misc":{"Tempo di lettura stimato":"7 minuti"},"schema":{"@context":"https:\/\/schema.org","@graph":[{"@type":"WebPage","@id":"https:\/\/www.chrissima-tours.com\/termini-e-condizioni\/","url":"https:\/\/www.chrissima-tours.com\/termini-e-condizioni\/","name":"Condizioni generali di vendita di viaggi | Chrissima Tours","isPartOf":{"@id":"https:\/\/www.chrissima-tours.com\/#website"},"datePublished":"2021-12-20T08:27:47+00:00","dateModified":"2022-04-23T07:08:27+00:00","breadcrumb":{"@id":"https:\/\/www.chrissima-tours.com\/termini-e-condizioni\/#breadcrumb"},"inLanguage":"it-IT","potentialAction":[{"@type":"ReadAction","target":["https:\/\/www.chrissima-tours.com\/termini-e-condizioni\/"]}]},{"@type":"BreadcrumbList","@id":"https:\/\/www.chrissima-tours.com\/termini-e-condizioni\/#breadcrumb","itemListElement":[{"@type":"ListItem","position":1,"name":"Home","item":"https:\/\/www.chrissima-tours.com\/it\/"},{"@type":"ListItem","position":2,"name":"Condizioni generali di vendita di viaggi"}]},{"@type":"WebSite","@id":"https:\/\/www.chrissima-tours.com\/#website","url":"https:\/\/www.chrissima-tours.com\/","name":"Chrissima Tours","description":"Italian Travel Agency","publisher":{"@id":"https:\/\/www.chrissima-tours.com\/#organization"},"potentialAction":[{"@type":"SearchAction","target":{"@type":"EntryPoint","urlTemplate":"https:\/\/www.chrissima-tours.com\/?s={search_term_string}"},"query-input":"required name=search_term_string"}],"inLanguage":"it-IT"},{"@type":"Organization","@id":"https:\/\/www.chrissima-tours.com\/#organization","name":"Chrissima Tours","url":"https:\/\/www.chrissima-tours.com\/","logo":{"@type":"ImageObject","inLanguage":"it-IT","@id":"https:\/\/www.chrissima-tours.com\/#\/schema\/logo\/image\/","url":"https:\/\/www.chrissima-tours.com\/wp-content\/uploads\/2021\/03\/logo-chrissima-tour.png","contentUrl":"https:\/\/www.chrissima-tours.com\/wp-content\/uploads\/2021\/03\/logo-chrissima-tour.png","width":400,"height":147,"caption":"Chrissima Tours"},"image":{"@id":"https:\/\/www.chrissima-tours.com\/#\/schema\/logo\/image\/"},"sameAs":["https:\/\/www.facebook.com\/chrissimatours.agenziaviaggi","https:\/\/twitter.com\/chrissimatours","https:\/\/www.instagram.com\/chrissima.tours\/"]}]}},"_links":{"self":[{"href":"https:\/\/www.chrissima-tours.com\/it\/wp-json\/wp\/v2\/pages\/6305"}],"collection":[{"href":"https:\/\/www.chrissima-tours.com\/it\/wp-json\/wp\/v2\/pages"}],"about":[{"href":"https:\/\/www.chrissima-tours.com\/it\/wp-json\/wp\/v2\/types\/page"}],"author":[{"embeddable":true,"href":"https:\/\/www.chrissima-tours.com\/it\/wp-json\/wp\/v2\/users\/1"}],"replies":[{"embeddable":true,"href":"https:\/\/www.chrissima-tours.com\/it\/wp-json\/wp\/v2\/comments?post=6305"}],"version-history":[{"count":0,"href":"https:\/\/www.chrissima-tours.com\/it\/wp-json\/wp\/v2\/pages\/6305\/revisions"}],"wp:attachment":[{"href":"https:\/\/www.chrissima-tours.com\/it\/wp-json\/wp\/v2\/media?parent=6305"}],"curies":[{"name":"wp","href":"https:\/\/api.w.org\/{rel}","templated":true}]}}