{"id":4162,"date":"2021-04-08T16:57:51","date_gmt":"2021-04-08T14:57:51","guid":{"rendered":"https:\/\/www.chrissima-tours.com\/?page_id=4162"},"modified":"2022-05-15T17:24:31","modified_gmt":"2022-05-15T15:24:31","slug":"viaggi-su-misura-sorrento","status":"publish","type":"page","link":"https:\/\/www.chrissima-tours.com\/it\/viaggi-su-misura-sorrento\/","title":{"rendered":"Charme &#038; Luxe"},"content":{"rendered":"<div  class=\"one withsmallpadding ppb_header \" style=\"text-align:left;padding:30px 0 30px 0;\" >\n<div class=\"standard_wrapper\">\n<div class=\"page_content_wrapper\">\n<div class=\"inner\">\n<div style=\"margin:auto;width:100%\">\n<div class=\"ppb_header_content\">\n<p>Organizzare bene un viaggio non \u00e8 cosa facile. Organizzarlo da soli e in modo da soddisfare tutte le esigenze individuali, scegliendo solo servizi di altissima qualit\u00e0, \u00e8 impossibile.<\/p>\n<p>Quante volte vi sar\u00e0 capitato di affrontare un viaggio, anche lunghissimo, e restare delusi da una camera d\u2019albergo non all\u2019altezza delle aspettative, da un servizio transfer non efficiente o di non godervi determinate esperienze, nonostante l\u2019ingente spesa sostenuta? Si torna a casa ancora pi\u00f9 stressati e arrabbiati. L\u2019unica soluzione \u00e8 affidarsi ad un\u2019organizzatore che, in base a un\u2019esperienza pluriennale e a contatti consolidati nel tempo, garantisca servizi di alto livello, unicit\u00e0, esclusivit\u00e0 e\u00a0personalizzazione.<\/p>\n<\/div>\n<\/div>\n<\/div>\n<\/div>\n<\/div>\n<\/div>\n<div  class=\"one ppb_card_two_cols_with_image\" style=\"position:relative;padding:0px 0 0px 0;\" >\n<div class=\"standard_wrapper\">\n<div class=\"page_content_wrapper\">\n<div class=\"inner\">\n<div class=\"one_half parallax_scroll\" style=\"width:50%;position:absolute;padding:0px;z-index:2;block !important;background:#fff;\" data-stellar-ratio=\"1.3\">\n<div class=\"ppb_header_content\">\n<p>I nostri viaggi \u201c<strong>Charme &#038; Luxe<\/strong>\u201d sono \u201ccuciti su misura\u201d e partono dall\u2019ascolto del cliente per conoscerne le reali esigenze, al fine di soddisfarne sogni e desideri. Ogni momento sar\u00e0 organizzato con attenzione per lasciare al viaggiatore solo il piacere del relax e della scoperta, sempre accudito da nostri partner selezionati con rigore.<\/p>\n<\/div>\n<\/div>\n<div class=\"one_half parallax_scroll_image last\" style=\"width:50%;\"><\/div>\n<p><br class=\"clear\"\/><\/div>\n<\/div>\n<\/div>\n<\/div>\n<div  class=\"one ppb_card_two_cols_with_image\" style=\"position:relative;padding:0px 0 0px 0;\" >\n<div class=\"standard_wrapper\">\n<div class=\"page_content_wrapper\">\n<div class=\"inner\">\n<div class=\"one_half parallax_scroll\" style=\"width:50%;position:absolute;padding:0px;z-index:2;block !important;background:#fff;\" data-stellar-ratio=\"1.3\">\n<div class=\"ppb_header_content\">\n<p>A chi non ha gi\u00e0 un\u2019idea precisa della destinazione, <strong>Chrissima Tours<\/strong> proporr\u00e0 varie alternative e itinerari personalizzati, seguendo le ultime tendenze e scegliendo luoghi e strutture che sono state personalmente visitate e scelte da noi. Per i propri clienti bisogna esserci, sempre, questo \u00e8 il nostro imperativo.<\/p>\n<\/div>\n<\/div>\n<div class=\"one_half parallax_scroll_image last\" style=\"width:50%;\"><\/div>\n<p><br class=\"clear\"\/><\/div>\n<\/div>\n<\/div>\n<\/div>\n<div  class=\"one withsmallpadding ppb_header \" style=\"text-align:left;padding:30px 0 30px 0;\" >\n<div class=\"standard_wrapper\">\n<div class=\"page_content_wrapper\">\n<div class=\"inner\">\n<div style=\"margin:auto;width:100%\">\n<h2 class=\"ppb_title\" style=\"\">I pacchetti Charme &amp; Luxe<\/h2>\n<\/div>\n<\/div>\n<\/div>\n<\/div>\n<\/div>\n<div  class=\"one withsmallpadding ppb_header \" style=\"text-align:left;padding:30px 0 30px 0;\" >\n<div class=\"standard_wrapper\">\n<div class=\"page_content_wrapper\">\n<div class=\"inner\">\n<div style=\"margin:auto;width:100%\">\n<h2 class=\"ppb_title\" style=\"\">I pacchetti Charme &amp; Luxe<\/h2>\n<\/div>\n<\/div>\n<\/div>\n<\/div>\n<\/div>\n<div  class=\"one withsmallpadding ppb_contact_half_bg \" style=\"padding:30px 0 30px 0;\" >\n<div class=\"standard_wrapper\">\n<div class=\"page_content_wrapper\">\n<div class=\"inner\">\n<div class=\"one_half_bg floatright\" style=\"background:#000000;background:rgb(0,0,0,1);background:rgba(0,0,0,1);\" >\n<h2 class=\"ppb_title\" style=\"\">Richiesta di informazioni<\/h2>\n<div class=\"contact_form7_wrapper\"><p class=\"wpcf7-contact-form-not-found\"><strong>Errore:<\/strong> Modulo di contatto non trovato.<\/p><\/div>\n<\/div>\n<\/div>\n<\/div>\n<\/div>\n<\/div>\n<\/div>\n","protected":false},"excerpt":{"rendered":"<p>Organizzare bene un viaggio non \u00e8 cosa facile. Organizzarlo da soli e in modo da soddisfare tutte le esigenze individuali, scegliendo solo servizi di altissima qualit\u00e0, \u00e8 impossibile. Quante volte vi sar\u00e0 capitato di affrontare un viaggio, anche lunghissimo, e [&hellip;]<\/p>\n","protected":false},"author":1,"featured_media":0,"parent":0,"menu_order":0,"comment_status":"closed","ping_status":"closed","template":"","meta":{"_acf_changed":false,"footnotes":""},"acf":[],"yoast_head":"<!-- This site is optimized with the Yoast SEO plugin v21.5 - https:\/\/yoast.com\/wordpress\/plugins\/seo\/ -->\n<title>Viaggi su misura Sorrento: itinerari e servizi unici | Chrissima Tours<\/title>\n<meta name=\"description\" content=\"Se cerchi un&#039;esperienza esclusiva e davvero unica, o se hai esigenze particolari, Chrissima Tours crea viaggi su misura a Sorrento, in Italia e nel mondo.\" \/>\n<meta name=\"robots\" content=\"index, follow, max-snippet:-1, max-image-preview:large, max-video-preview:-1\" \/>\n<link rel=\"canonical\" href=\"https:\/\/www.chrissima-tours.com\/it\/viaggi-su-misura-sorrento\/\" \/>\n<meta property=\"og:locale\" content=\"it_IT\" \/>\n<meta property=\"og:type\" content=\"article\" \/>\n<meta property=\"og:title\" content=\"Viaggi su misura Sorrento: itinerari e servizi unici | Chrissima Tours\" \/>\n<meta property=\"og:description\" content=\"Se cerchi un&#039;esperienza esclusiva e davvero unica, o se hai esigenze particolari, Chrissima Tours crea viaggi su misura a Sorrento, in Italia e nel mondo.\" \/>\n<meta property=\"og:url\" content=\"https:\/\/www.chrissima-tours.com\/viaggi-su-misura-sorrento\/\" \/>\n<meta property=\"og:site_name\" content=\"Chrissima Tours\" \/>\n<meta property=\"article:publisher\" content=\"https:\/\/www.facebook.com\/chrissimatours.agenziaviaggi\" \/>\n<meta property=\"article:modified_time\" content=\"2022-05-15T15:24:31+00:00\" \/>\n<meta property=\"og:image\" content=\"https:\/\/www.chrissima-tours.com\/wp-content\/uploads\/2021\/11\/chrissima-tour-logo.png\" \/>\n\t<meta property=\"og:image:width\" content=\"800\" \/>\n\t<meta property=\"og:image:height\" content=\"305\" \/>\n\t<meta property=\"og:image:type\" content=\"image\/png\" \/>\n<meta name=\"twitter:card\" content=\"summary_large_image\" \/>\n<meta name=\"twitter:site\" content=\"@chrissimatours\" \/>\n<meta name=\"twitter:label1\" content=\"Tempo di lettura stimato\" \/>\n\t<meta name=\"twitter:data1\" content=\"1 minuto\" \/>\n<script type=\"application\/ld+json\" class=\"yoast-schema-graph\">{\"@context\":\"https:\/\/schema.org\",\"@graph\":[{\"@type\":\"WebPage\",\"@id\":\"https:\/\/www.chrissima-tours.com\/viaggi-su-misura-sorrento\/\",\"url\":\"https:\/\/www.chrissima-tours.com\/viaggi-su-misura-sorrento\/\",\"name\":\"Viaggi su misura Sorrento: itinerari e servizi unici | Chrissima Tours\",\"isPartOf\":{\"@id\":\"https:\/\/www.chrissima-tours.com\/#website\"},\"datePublished\":\"2021-04-08T14:57:51+00:00\",\"dateModified\":\"2022-05-15T15:24:31+00:00\",\"description\":\"Se cerchi un'esperienza esclusiva e davvero unica, o se hai esigenze particolari, Chrissima Tours crea viaggi su misura a Sorrento, in Italia e nel mondo.\",\"breadcrumb\":{\"@id\":\"https:\/\/www.chrissima-tours.com\/viaggi-su-misura-sorrento\/#breadcrumb\"},\"inLanguage\":\"it-IT\",\"potentialAction\":[{\"@type\":\"ReadAction\",\"target\":[\"https:\/\/www.chrissima-tours.com\/viaggi-su-misura-sorrento\/\"]}]},{\"@type\":\"BreadcrumbList\",\"@id\":\"https:\/\/www.chrissima-tours.com\/viaggi-su-misura-sorrento\/#breadcrumb\",\"itemListElement\":[{\"@type\":\"ListItem\",\"position\":1,\"name\":\"Home\",\"item\":\"https:\/\/www.chrissima-tours.com\/it\/\"},{\"@type\":\"ListItem\",\"position\":2,\"name\":\"Charme &#038; Luxe\"}]},{\"@type\":\"WebSite\",\"@id\":\"https:\/\/www.chrissima-tours.com\/#website\",\"url\":\"https:\/\/www.chrissima-tours.com\/\",\"name\":\"Chrissima Tours\",\"description\":\"Italian Travel Agency\",\"publisher\":{\"@id\":\"https:\/\/www.chrissima-tours.com\/#organization\"},\"potentialAction\":[{\"@type\":\"SearchAction\",\"target\":{\"@type\":\"EntryPoint\",\"urlTemplate\":\"https:\/\/www.chrissima-tours.com\/?s={search_term_string}\"},\"query-input\":\"required name=search_term_string\"}],\"inLanguage\":\"it-IT\"},{\"@type\":\"Organization\",\"@id\":\"https:\/\/www.chrissima-tours.com\/#organization\",\"name\":\"Chrissima Tours\",\"url\":\"https:\/\/www.chrissima-tours.com\/\",\"logo\":{\"@type\":\"ImageObject\",\"inLanguage\":\"it-IT\",\"@id\":\"https:\/\/www.chrissima-tours.com\/#\/schema\/logo\/image\/\",\"url\":\"https:\/\/www.chrissima-tours.com\/wp-content\/uploads\/2021\/03\/logo-chrissima-tour.png\",\"contentUrl\":\"https:\/\/www.chrissima-tours.com\/wp-content\/uploads\/2021\/03\/logo-chrissima-tour.png\",\"width\":400,\"height\":147,\"caption\":\"Chrissima Tours\"},\"image\":{\"@id\":\"https:\/\/www.chrissima-tours.com\/#\/schema\/logo\/image\/\"},\"sameAs\":[\"https:\/\/www.facebook.com\/chrissimatours.agenziaviaggi\",\"https:\/\/twitter.com\/chrissimatours\",\"https:\/\/www.instagram.com\/chrissima.tours\/\"]}]}<\/script>\n<!-- \/ Yoast SEO plugin. -->","yoast_head_json":{"title":"Viaggi su misura Sorrento: itinerari e servizi unici | Chrissima Tours","description":"Se cerchi un'esperienza esclusiva e davvero unica, o se hai esigenze particolari, Chrissima Tours crea viaggi su misura a Sorrento, in Italia e nel mondo.","robots":{"index":"index","follow":"follow","max-snippet":"max-snippet:-1","max-image-preview":"max-image-preview:large","max-video-preview":"max-video-preview:-1"},"canonical":"https:\/\/www.chrissima-tours.com\/it\/viaggi-su-misura-sorrento\/","og_locale":"it_IT","og_type":"article","og_title":"Viaggi su misura Sorrento: itinerari e servizi unici | Chrissima Tours","og_description":"Se cerchi un'esperienza esclusiva e davvero unica, o se hai esigenze particolari, Chrissima Tours crea viaggi su misura a Sorrento, in Italia e nel mondo.","og_url":"https:\/\/www.chrissima-tours.com\/viaggi-su-misura-sorrento\/","og_site_name":"Chrissima Tours","article_publisher":"https:\/\/www.facebook.com\/chrissimatours.agenziaviaggi","article_modified_time":"2022-05-15T15:24:31+00:00","og_image":[{"width":800,"height":305,"url":"https:\/\/www.chrissima-tours.com\/wp-content\/uploads\/2021\/11\/chrissima-tour-logo.png","type":"image\/png"}],"twitter_card":"summary_large_image","twitter_site":"@chrissimatours","twitter_misc":{"Tempo di lettura stimato":"1 minuto"},"schema":{"@context":"https:\/\/schema.org","@graph":[{"@type":"WebPage","@id":"https:\/\/www.chrissima-tours.com\/viaggi-su-misura-sorrento\/","url":"https:\/\/www.chrissima-tours.com\/viaggi-su-misura-sorrento\/","name":"Viaggi su misura Sorrento: itinerari e servizi unici | Chrissima Tours","isPartOf":{"@id":"https:\/\/www.chrissima-tours.com\/#website"},"datePublished":"2021-04-08T14:57:51+00:00","dateModified":"2022-05-15T15:24:31+00:00","description":"Se cerchi un'esperienza esclusiva e davvero unica, o se hai esigenze particolari, Chrissima Tours crea viaggi su misura a Sorrento, in Italia e nel mondo.","breadcrumb":{"@id":"https:\/\/www.chrissima-tours.com\/viaggi-su-misura-sorrento\/#breadcrumb"},"inLanguage":"it-IT","potentialAction":[{"@type":"ReadAction","target":["https:\/\/www.chrissima-tours.com\/viaggi-su-misura-sorrento\/"]}]},{"@type":"BreadcrumbList","@id":"https:\/\/www.chrissima-tours.com\/viaggi-su-misura-sorrento\/#breadcrumb","itemListElement":[{"@type":"ListItem","position":1,"name":"Home","item":"https:\/\/www.chrissima-tours.com\/it\/"},{"@type":"ListItem","position":2,"name":"Charme &#038; Luxe"}]},{"@type":"WebSite","@id":"https:\/\/www.chrissima-tours.com\/#website","url":"https:\/\/www.chrissima-tours.com\/","name":"Chrissima Tours","description":"Italian Travel Agency","publisher":{"@id":"https:\/\/www.chrissima-tours.com\/#organization"},"potentialAction":[{"@type":"SearchAction","target":{"@type":"EntryPoint","urlTemplate":"https:\/\/www.chrissima-tours.com\/?s={search_term_string}"},"query-input":"required name=search_term_string"}],"inLanguage":"it-IT"},{"@type":"Organization","@id":"https:\/\/www.chrissima-tours.com\/#organization","name":"Chrissima Tours","url":"https:\/\/www.chrissima-tours.com\/","logo":{"@type":"ImageObject","inLanguage":"it-IT","@id":"https:\/\/www.chrissima-tours.com\/#\/schema\/logo\/image\/","url":"https:\/\/www.chrissima-tours.com\/wp-content\/uploads\/2021\/03\/logo-chrissima-tour.png","contentUrl":"https:\/\/www.chrissima-tours.com\/wp-content\/uploads\/2021\/03\/logo-chrissima-tour.png","width":400,"height":147,"caption":"Chrissima Tours"},"image":{"@id":"https:\/\/www.chrissima-tours.com\/#\/schema\/logo\/image\/"},"sameAs":["https:\/\/www.facebook.com\/chrissimatours.agenziaviaggi","https:\/\/twitter.com\/chrissimatours","https:\/\/www.instagram.com\/chrissima.tours\/"]}]}},"_links":{"self":[{"href":"https:\/\/www.chrissima-tours.com\/it\/wp-json\/wp\/v2\/pages\/4162"}],"collection":[{"href":"https:\/\/www.chrissima-tours.com\/it\/wp-json\/wp\/v2\/pages"}],"about":[{"href":"https:\/\/www.chrissima-tours.com\/it\/wp-json\/wp\/v2\/types\/page"}],"author":[{"embeddable":true,"href":"https:\/\/www.chrissima-tours.com\/it\/wp-json\/wp\/v2\/users\/1"}],"replies":[{"embeddable":true,"href":"https:\/\/www.chrissima-tours.com\/it\/wp-json\/wp\/v2\/comments?post=4162"}],"version-history":[{"count":0,"href":"https:\/\/www.chrissima-tours.com\/it\/wp-json\/wp\/v2\/pages\/4162\/revisions"}],"wp:attachment":[{"href":"https:\/\/www.chrissima-tours.com\/it\/wp-json\/wp\/v2\/media?parent=4162"}],"curies":[{"name":"wp","href":"https:\/\/api.w.org\/{rel}","templated":true}]}}