{"id":3989,"date":"2016-05-26T16:22:39","date_gmt":"2016-05-26T14:22:39","guid":{"rendered":"https:\/\/www.doppioquarto.it\/?page_id=12"},"modified":"2022-06-16T23:09:03","modified_gmt":"2022-06-16T21:09:03","slug":"cookie-policy","status":"publish","type":"page","link":"https:\/\/www.chrissima-tours.com\/it\/cookie-policy\/","title":{"rendered":"Cookie Policy"},"content":{"rendered":"<p>Questa informativa \u00e8 parte della <a href=\"https:\/\/www.chrissima-tours.com\/privacy-policy\/\">Informativa sulla Privacy<\/a> e deve essere letta in aggiunta ad essa.<br \/>\nIl sito web <b>www.chrissima-tours.com<\/b> utilizza cookie per migliorare\u00a0i propri servizi e rendere la navigazione dell\u2019utente semplice ed efficace.<\/p>\n<h3>Che cosa sono i Cookie?<\/h3>\n<p>I <strong>cookie<\/strong> sono brevi frammenti di testo (lettere e\/o numeri) che permettono al server web di memorizzare sul client (il browser) informazioni da riutilizzare nel corso della medesima visita al sito (cookie di sessione) o in seguito, anche a distanza di giorni (cookie persistenti). I cookie vengono memorizzati, in base alle preferenze dell\u2019utente, dal singolo browser sullo specifico dispositivo utilizzato (computer, tablet, smartphone).<br \/>\nTecnologie similari, come, ad esempio, web beacon, GIF trasparenti e tutte le forme di storage locale introdotte con HTML5, sono utilizzabili per raccogliere informazioni sul comportamento dell\u2019utente e sull\u2019utilizzo dei servizi.<br \/>\nNel seguito di questo documento faremo riferimento ai cookie e a tutte le tecnologie similari utilizzando semplicemente il termine \u201ccookie\u201d.<\/p>\n<h3>Tipologie di cookie<\/h3>\n<p>In base alle caratteristiche e all\u2019utilizzo dei cookie possiamo distinguere diverse categorie:<\/p>\n<ul>\n<li><strong>Cookie tecnici<\/strong>. Si tratta di cookie indispensabili per il corretto funzionamento del sito e sono utilizzati per gestire il login e l\u2019accesso alle funzioni riservate del sito. La durata dei cookie \u00e8 strettamente limitata alla sessione di lavoro (chiuso il browser vengono cancellati). La loro disattivazione compromette l\u2019utilizzo dei servizi accessibili da login.<\/li>\n<li><strong>Cookie di profilazione<\/strong>. Si tratta di cookie permanenti utilizzati per identificare le preferenze dell\u2019utente e migliorare la sua esperienza di navigazione.\u00a0Secondo il Garante della privacy, ai sensi dell\u2019art. 23 del D.Lgs. 196\/2003, l\u2019utilizzo di questi cookie richiede un\u2019adeguata informativa e una richiesta di consenso da parte tua.<\/li>\n<li><strong>Cookie di terze parti.\u00a0<\/strong>Visitando un sito web si possono ricevere cookie sia dal sito visitato, sia da siti gestiti da altre organizzazioni (\u201cterze parti\u201d). Un esempio notevole \u00e8 rappresentato dalla presenza dei \u201csocial plugin\u201d per Facebook, Twitter, Google+, Pinterest e LinkedIn. Si tratta di parti della pagina visitata generate direttamente dai suddetti siti ed integrati nella pagina del sito ospitante. L\u2019utilizzo pi\u00f9 comune dei social plugin \u00e8 finalizzato alla condivisione dei contenuti sui social network.<\/li>\n<\/ul>\n<p>La presenza di questi plugin comporta la trasmissione di cookie da e verso tutti i siti gestiti da terze parti. La gestione delle informazioni raccolte da \u201cterze parti\u201d \u00e8 disciplinata dalle relative informative cui si prega di fare riferimento.<\/p>\n<h3>Elenco dei cookie utilizzati nel sito:<\/h3>\n<p>Questo \u00e8 l\u2019<strong>elenco dei cookie tecnici di terze parti<\/strong>:<\/p>\n<p>Cookie di Google Analytics:<br \/>\n_ga<\/p>\n<div>\n<p class=\"bodytext\"><strong>Cookie di Google Analytics<\/strong><\/p>\n<\/div>\n<div>\n<p class=\"bodytext\">Come impostazione predefinita, Google Analytics usa i cookie per raccogliere e analizzare informazioni sul comportamento degli utenti sul sito, compreso il loro indirizzo IP. Questa informazione \u00e8 raccolta da Google Analytics, che la processa al fine di preparare dei report sulle attivit\u00e0 degli utenti sul sito. Questo sito: (i) usa l\u2019anonimizzazione tramite mascheramento dell\u2019indirizzo IP, cos\u00ec che Google Analytics rimuova le ultime 8 cifre dell\u2019indirizzo IP dell\u2019utente prima di memorizzare o usare il dato (per maggiori informazioni, leggere sull\u2019anonimizzazione dell\u2019IP in Google Analytics, o visitare l\u2019informativa sulla sicurezza e la privacy di Google), (ii) non utilizza e non permette l\u2019utilizzo alle terze parti dello strumento di analisi di Google per tracciare o raccogliere informazioni o dati sensibili. L\u2019uso di questi cookie \u00e8 soggetto a restrizioni contrattuali con Google, in cui \u00e8 richiamato l\u2019impegno di Google a utilizzare questi cookie solo per la fornitura del servizio, ad archiviarli separatamente e a non \u201carricchirli\u201d o \u201cincrociarli\u201d con le altre informazioni disponibili.<\/p>\n<\/div>\n<h3>Come disabilitare i cookie dei servizi di terzi<\/h3>\n<p>Servizi di Google: <a href=\"http:\/\/www.google.com\/ads\/preferences\/?hl=it\" target=\"_blank\" rel=\"noopener noreferrer\">http:\/\/www.google.com\/ads\/preferences\/?hl=it<\/a><br \/>\nFacebook: <a href=\"https:\/\/www.facebook.com\/help\/cookies?ref_type=sitefooter\" target=\"_blank\" rel=\"noopener noreferrer\">https:\/\/www.facebook.com\/help\/cookies?ref_type=sitefooter<\/a><br \/>\nTwitter: <a href=\"https:\/\/support.twitter.com\/articles\/20170519-uso-dei-cookie-e-di-altre-tecnologie-simili-da-parte-di-twitter#\" target=\"_blank\" rel=\"noopener noreferrer\">https:\/\/support.twitter.com\/articles\/20170519-uso-dei-cookie-e-di-altre-tecnologie-simili-da-parte-di-twitter#<\/a><\/p>\n<p><strong>Durata dei cookie<\/strong><br \/>\nAlcuni cookie (cookie di sessione) restano attivi solo fino alla chiusura del browser o all\u2019esecuzione del comando di logout. Altri cookie \u201csopravvivono\u201d alla chiusura del browser e sono disponibili anche in successive visite dell\u2019utente.\u00a0Questi cookie sono detti persistenti e la loro durata \u00e8 fissata dal server al momento della loro creazione. In alcuni casi \u00e8 fissata una scadenza, in altri casi la durata \u00e8 illimitata.<\/p>\n<p><strong>Gestione dei cookie<\/strong><br \/>\nL\u2019utente pu\u00f2 decidere se accettare o meno i cookie utilizzando le impostazioni del proprio browser.<br \/>\nAttenzione: la disabilitazione totale o parziale dei cookie tecnici pu\u00f2 compromettere l\u2019utilizzo delle funzionalit\u00e0 del sito riservate agli utenti registrati. Al contrario, la fruibilit\u00e0 dei contenuti pubblici \u00e8 possibile anche disabilitando completamente i cookie.\u00a0Non \u00e8 richiesto un opt-in cio\u00e8 un click per l\u2019accettazione dei cookie di profilazione ma basta continuare la navigazione per <strong>accettare implicitamente i contenuti dell\u2019informativa<\/strong>.\u00a0Inoltre, <strong>i cookie tecnici non hanno bisogno di alcuna autorizzazione!<\/strong><br \/>\nLa disabilitazione dei cookie \u201cterze parti\u201d non pregiudica in alcun modo la navigabilit\u00e0.<\/p>\n<p>A titolo di esempio, in Firefox, attraverso il menu <strong>Strumenti-&gt;Opzioni -&gt;Privacy<\/strong>, \u00e8 possibile accedere ad un pannello di controllo dove \u00e8 possibile definire se accettare o meno i diversi tipi di cookie e procedere alla loro rimozione.<\/p>\n<p>Chrome: <a href=\"https:\/\/support.google.com\/chrome\/answer\/95647?hl=it\" target=\"_blank\" rel=\"noopener noreferrer\">https:\/\/support.google.com\/chrome\/answer\/95647?hl=it<\/a><br \/>\nFirefox: <a href=\"https:\/\/support.mozilla.org\/it\/kb\/Gestione%20dei%20cookie\" target=\"_blank\" rel=\"noopener noreferrer\">https:\/\/support.mozilla.org\/it\/kb\/Gestione%20dei%20cookie<\/a><br \/>\nInternet Explorer: <a href=\"http:\/\/windows.microsoft.com\/it-it\/windows7\/how-to-manage-cookies-in-internet-explorer-9\" target=\"_blank\" rel=\"noopener noreferrer\">http:\/\/windows.microsoft.com\/it-it\/windows7\/how-to-manage-cookies-in-internet-explorer-9<\/a><br \/>\nOpera: <a href=\"http:\/\/help.opera.com\/Windows\/10.00\/it\/cookies.html\" target=\"_blank\" rel=\"noopener noreferrer\">http:\/\/help.opera.com\/Windows\/10.00\/it\/cookies.html<\/a><br \/>\nSafari: <a href=\"http:\/\/support.apple.com\/kb\/HT1677?viewlocale=it_IT\" target=\"_blank\" rel=\"noopener noreferrer\">http:\/\/support.apple.com\/kb\/HT1677?viewlocale=it_IT<\/a><\/p>\n<p><strong>Informativa:<\/strong><\/p>\n<p><strong>Continuando la navigazione su questo sito, l\u2019utente acconsente all\u2019utilizzo dei cookie e dichiara di aver compreso la presente cookie policy.<\/strong><\/p>\n","protected":false},"excerpt":{"rendered":"<p>Questa informativa \u00e8 parte della Informativa sulla Privacy e deve essere letta in aggiunta ad essa. Il sito web www.chrissima-tours.com utilizza cookie per migliorare\u00a0i propri servizi e rendere la navigazione dell\u2019utente semplice ed efficace. Che cosa sono i Cookie? I [&hellip;]<\/p>\n","protected":false},"author":1,"featured_media":0,"parent":0,"menu_order":0,"comment_status":"closed","ping_status":"closed","template":"","meta":{"_acf_changed":false,"footnotes":""},"acf":[],"yoast_head":"<!-- This site is optimized with the Yoast SEO plugin v21.5 - https:\/\/yoast.com\/wordpress\/plugins\/seo\/ -->\n<title>Cookie Policy | Chrissima Tours<\/title>\n<meta name=\"robots\" content=\"index, follow, max-snippet:-1, max-image-preview:large, max-video-preview:-1\" \/>\n<link rel=\"canonical\" href=\"https:\/\/www.chrissima-tours.com\/it\/cookie-policy\/\" \/>\n<meta property=\"og:locale\" content=\"it_IT\" \/>\n<meta property=\"og:type\" content=\"article\" \/>\n<meta property=\"og:title\" content=\"Cookie Policy | Chrissima Tours\" \/>\n<meta property=\"og:description\" content=\"Questa informativa \u00e8 parte della Informativa sulla Privacy e deve essere letta in aggiunta ad essa. Il sito web www.chrissima-tours.com utilizza cookie per migliorare\u00a0i propri servizi e rendere la navigazione dell\u2019utente semplice ed efficace. Che cosa sono i Cookie? I [&hellip;]\" \/>\n<meta property=\"og:url\" content=\"https:\/\/www.chrissima-tours.com\/cookie-policy\/\" \/>\n<meta property=\"og:site_name\" content=\"Chrissima Tours\" \/>\n<meta property=\"article:publisher\" content=\"https:\/\/www.facebook.com\/chrissimatours.agenziaviaggi\" \/>\n<meta property=\"article:modified_time\" content=\"2022-06-16T21:09:03+00:00\" \/>\n<meta property=\"og:image\" content=\"https:\/\/www.chrissima-tours.com\/wp-content\/uploads\/2021\/11\/chrissima-tour-logo.png\" \/>\n\t<meta property=\"og:image:width\" content=\"800\" \/>\n\t<meta property=\"og:image:height\" content=\"305\" \/>\n\t<meta property=\"og:image:type\" content=\"image\/png\" \/>\n<meta name=\"twitter:card\" content=\"summary_large_image\" \/>\n<meta name=\"twitter:site\" content=\"@chrissimatours\" \/>\n<meta name=\"twitter:label1\" content=\"Tempo di lettura stimato\" \/>\n\t<meta name=\"twitter:data1\" content=\"4 minuti\" \/>\n<script type=\"application\/ld+json\" class=\"yoast-schema-graph\">{\"@context\":\"https:\/\/schema.org\",\"@graph\":[{\"@type\":\"WebPage\",\"@id\":\"https:\/\/www.chrissima-tours.com\/cookie-policy\/\",\"url\":\"https:\/\/www.chrissima-tours.com\/cookie-policy\/\",\"name\":\"Cookie Policy | Chrissima Tours\",\"isPartOf\":{\"@id\":\"https:\/\/www.chrissima-tours.com\/#website\"},\"datePublished\":\"2016-05-26T14:22:39+00:00\",\"dateModified\":\"2022-06-16T21:09:03+00:00\",\"breadcrumb\":{\"@id\":\"https:\/\/www.chrissima-tours.com\/cookie-policy\/#breadcrumb\"},\"inLanguage\":\"it-IT\",\"potentialAction\":[{\"@type\":\"ReadAction\",\"target\":[\"https:\/\/www.chrissima-tours.com\/cookie-policy\/\"]}]},{\"@type\":\"BreadcrumbList\",\"@id\":\"https:\/\/www.chrissima-tours.com\/cookie-policy\/#breadcrumb\",\"itemListElement\":[{\"@type\":\"ListItem\",\"position\":1,\"name\":\"Home\",\"item\":\"https:\/\/www.chrissima-tours.com\/it\/\"},{\"@type\":\"ListItem\",\"position\":2,\"name\":\"Cookie Policy\"}]},{\"@type\":\"WebSite\",\"@id\":\"https:\/\/www.chrissima-tours.com\/#website\",\"url\":\"https:\/\/www.chrissima-tours.com\/\",\"name\":\"Chrissima Tours\",\"description\":\"Italian Travel Agency\",\"publisher\":{\"@id\":\"https:\/\/www.chrissima-tours.com\/#organization\"},\"potentialAction\":[{\"@type\":\"SearchAction\",\"target\":{\"@type\":\"EntryPoint\",\"urlTemplate\":\"https:\/\/www.chrissima-tours.com\/?s={search_term_string}\"},\"query-input\":\"required name=search_term_string\"}],\"inLanguage\":\"it-IT\"},{\"@type\":\"Organization\",\"@id\":\"https:\/\/www.chrissima-tours.com\/#organization\",\"name\":\"Chrissima Tours\",\"url\":\"https:\/\/www.chrissima-tours.com\/\",\"logo\":{\"@type\":\"ImageObject\",\"inLanguage\":\"it-IT\",\"@id\":\"https:\/\/www.chrissima-tours.com\/#\/schema\/logo\/image\/\",\"url\":\"https:\/\/www.chrissima-tours.com\/wp-content\/uploads\/2021\/03\/logo-chrissima-tour.png\",\"contentUrl\":\"https:\/\/www.chrissima-tours.com\/wp-content\/uploads\/2021\/03\/logo-chrissima-tour.png\",\"width\":400,\"height\":147,\"caption\":\"Chrissima Tours\"},\"image\":{\"@id\":\"https:\/\/www.chrissima-tours.com\/#\/schema\/logo\/image\/\"},\"sameAs\":[\"https:\/\/www.facebook.com\/chrissimatours.agenziaviaggi\",\"https:\/\/twitter.com\/chrissimatours\",\"https:\/\/www.instagram.com\/chrissima.tours\/\"]}]}<\/script>\n<!-- \/ Yoast SEO plugin. -->","yoast_head_json":{"title":"Cookie Policy | Chrissima Tours","robots":{"index":"index","follow":"follow","max-snippet":"max-snippet:-1","max-image-preview":"max-image-preview:large","max-video-preview":"max-video-preview:-1"},"canonical":"https:\/\/www.chrissima-tours.com\/it\/cookie-policy\/","og_locale":"it_IT","og_type":"article","og_title":"Cookie Policy | Chrissima Tours","og_description":"Questa informativa \u00e8 parte della Informativa sulla Privacy e deve essere letta in aggiunta ad essa. Il sito web www.chrissima-tours.com utilizza cookie per migliorare\u00a0i propri servizi e rendere la navigazione dell\u2019utente semplice ed efficace. Che cosa sono i Cookie? I [&hellip;]","og_url":"https:\/\/www.chrissima-tours.com\/cookie-policy\/","og_site_name":"Chrissima Tours","article_publisher":"https:\/\/www.facebook.com\/chrissimatours.agenziaviaggi","article_modified_time":"2022-06-16T21:09:03+00:00","og_image":[{"width":800,"height":305,"url":"https:\/\/www.chrissima-tours.com\/wp-content\/uploads\/2021\/11\/chrissima-tour-logo.png","type":"image\/png"}],"twitter_card":"summary_large_image","twitter_site":"@chrissimatours","twitter_misc":{"Tempo di lettura stimato":"4 minuti"},"schema":{"@context":"https:\/\/schema.org","@graph":[{"@type":"WebPage","@id":"https:\/\/www.chrissima-tours.com\/cookie-policy\/","url":"https:\/\/www.chrissima-tours.com\/cookie-policy\/","name":"Cookie Policy | Chrissima Tours","isPartOf":{"@id":"https:\/\/www.chrissima-tours.com\/#website"},"datePublished":"2016-05-26T14:22:39+00:00","dateModified":"2022-06-16T21:09:03+00:00","breadcrumb":{"@id":"https:\/\/www.chrissima-tours.com\/cookie-policy\/#breadcrumb"},"inLanguage":"it-IT","potentialAction":[{"@type":"ReadAction","target":["https:\/\/www.chrissima-tours.com\/cookie-policy\/"]}]},{"@type":"BreadcrumbList","@id":"https:\/\/www.chrissima-tours.com\/cookie-policy\/#breadcrumb","itemListElement":[{"@type":"ListItem","position":1,"name":"Home","item":"https:\/\/www.chrissima-tours.com\/it\/"},{"@type":"ListItem","position":2,"name":"Cookie Policy"}]},{"@type":"WebSite","@id":"https:\/\/www.chrissima-tours.com\/#website","url":"https:\/\/www.chrissima-tours.com\/","name":"Chrissima Tours","description":"Italian Travel Agency","publisher":{"@id":"https:\/\/www.chrissima-tours.com\/#organization"},"potentialAction":[{"@type":"SearchAction","target":{"@type":"EntryPoint","urlTemplate":"https:\/\/www.chrissima-tours.com\/?s={search_term_string}"},"query-input":"required name=search_term_string"}],"inLanguage":"it-IT"},{"@type":"Organization","@id":"https:\/\/www.chrissima-tours.com\/#organization","name":"Chrissima Tours","url":"https:\/\/www.chrissima-tours.com\/","logo":{"@type":"ImageObject","inLanguage":"it-IT","@id":"https:\/\/www.chrissima-tours.com\/#\/schema\/logo\/image\/","url":"https:\/\/www.chrissima-tours.com\/wp-content\/uploads\/2021\/03\/logo-chrissima-tour.png","contentUrl":"https:\/\/www.chrissima-tours.com\/wp-content\/uploads\/2021\/03\/logo-chrissima-tour.png","width":400,"height":147,"caption":"Chrissima Tours"},"image":{"@id":"https:\/\/www.chrissima-tours.com\/#\/schema\/logo\/image\/"},"sameAs":["https:\/\/www.facebook.com\/chrissimatours.agenziaviaggi","https:\/\/twitter.com\/chrissimatours","https:\/\/www.instagram.com\/chrissima.tours\/"]}]}},"_links":{"self":[{"href":"https:\/\/www.chrissima-tours.com\/it\/wp-json\/wp\/v2\/pages\/3989"}],"collection":[{"href":"https:\/\/www.chrissima-tours.com\/it\/wp-json\/wp\/v2\/pages"}],"about":[{"href":"https:\/\/www.chrissima-tours.com\/it\/wp-json\/wp\/v2\/types\/page"}],"author":[{"embeddable":true,"href":"https:\/\/www.chrissima-tours.com\/it\/wp-json\/wp\/v2\/users\/1"}],"replies":[{"embeddable":true,"href":"https:\/\/www.chrissima-tours.com\/it\/wp-json\/wp\/v2\/comments?post=3989"}],"version-history":[{"count":0,"href":"https:\/\/www.chrissima-tours.com\/it\/wp-json\/wp\/v2\/pages\/3989\/revisions"}],"wp:attachment":[{"href":"https:\/\/www.chrissima-tours.com\/it\/wp-json\/wp\/v2\/media?parent=3989"}],"curies":[{"name":"wp","href":"https:\/\/api.w.org\/{rel}","templated":true}]}}